{"id":6,"date":"2021-08-13T12:16:09","date_gmt":"2021-08-13T10:16:09","guid":{"rendered":"http:\/\/ahbahgo.fr\/?page_id=6"},"modified":"2024-11-23T10:24:13","modified_gmt":"2024-11-23T09:24:13","slug":"inspiration","status":"publish","type":"page","link":"https:\/\/ahbahgo.fr\/","title":{"rendered":""},"content":{"rendered":"\n<figure class=\"wp-block-pullquote\"><blockquote><p><sup><span class=\"has-inline-color has-black-color\"><strong>Comment parvenir \u00e0 rebondir<\/strong><\/span><\/sup> <sup><span class=\"has-inline-color has-black-color\"><strong>et \u00e0 g\u00e9n\u00e9rer la r\u00e9ussite collective ?<\/strong><\/span><\/sup><\/p><\/blockquote><\/figure>\n\n\n\n<div class=\"wp-block-image\"><figure class=\"aligncenter size-large\"><img loading=\"lazy\" width=\"713\" height=\"453\" src=\"https:\/\/ahbahgo.fr\/wp-content\/uploads\/2024\/08\/Rebondir-et-reussir-ensemble-2.jpg\" alt=\"\" class=\"wp-image-1286\" srcset=\"https:\/\/ahbahgo.fr\/wp-content\/uploads\/2024\/08\/Rebondir-et-reussir-ensemble-2.jpg 713w, https:\/\/ahbahgo.fr\/wp-content\/uploads\/2024\/08\/Rebondir-et-reussir-ensemble-2-300x191.jpg 300w\" sizes=\"(max-width: 713px) 100vw, 713px\" \/><\/figure><\/div>\n\n\n\n<p><span class=\"has-inline-color has-black-color\">L&rsquo;appellation \u00ab\u00a0<strong>AhBahGo<\/strong>\u00a0\u00bb est la repr\u00e9sentation de notre \u00e9cho int\u00e9rieur d\u00e8s lors que nous sommes anim\u00e9s par la clarification des 3 moments de conscience suivants :<\/span><\/p>\n\n\n\n<p><strong><span class=\"has-inline-color has-black-color\">\u00ab\u00a0Ah\u00a0\u00bb <\/span><\/strong>:<em><span class=\"has-inline-color has-luminous-vivid-amber-color\"><sub><strong> <\/strong><\/sub><\/span><strong><span class=\"has-inline-color has-luminous-vivid-orange-color\"> C&rsquo;est comprendre l&rsquo;enjeu de la situation et se saisir de la priorit\u00e9 du moment !<\/span><\/strong><\/em><\/p>\n\n\n\n<p><strong><span class=\"has-inline-color has-black-color\">\u00ab\u00a0Bah\u00a0\u00bb<\/span><\/strong> : <em><strong><span style=\"color:#5b03ac\" class=\"has-inline-color\">C&rsquo;est identifier et s&rsquo;approprier la solution pertinente \u00e0 mettre en place !<\/span><\/strong><\/em><\/p>\n\n\n\n<p><strong><span class=\"has-inline-color has-black-color\">\u00ab\u00a0Go\u00a0\u00bb<\/span><\/strong> : <em><strong><span style=\"color:#03a368\" class=\"has-inline-color\">C&rsquo;est engager et animer l&rsquo;envie de faire aboutir ! <\/span><\/strong><\/em><\/p>\n\n\n\n<p><\/p>\n\n\n\n<p><\/p>\n\n\n\n<p><span class=\"has-inline-color has-black-color\">Venez prendre \u00e0 votre main <strong>le protocole \u00ab\u00a0AhBahGo\u00a0\u00bb<\/strong> qui vous permettra de d\u00e9passer vos enjeux avec efficience et \u00e0 vous accomplir personnellement &amp; collectivement.<\/span><\/p>\n\n\n\n<p><\/p>\n","protected":false},"excerpt":{"rendered":"<p>Comment parvenir \u00e0 rebondir et \u00e0 g\u00e9n\u00e9rer la r\u00e9ussite collective ? L&rsquo;appellation \u00ab\u00a0AhBahGo\u00a0\u00bb est la repr\u00e9sentation de notre \u00e9cho int\u00e9rieur d\u00e8s lors que nous sommes anim\u00e9s par la clarification des 3 moments de conscience suivants : \u00ab\u00a0Ah\u00a0\u00bb : C&rsquo;est comprendre l&rsquo;enjeu de la situation et se saisir de la priorit\u00e9 du moment ! \u00ab\u00a0Bah\u00a0\u00bb : [&hellip;]<\/p>\n","protected":false},"author":1,"featured_media":0,"parent":0,"menu_order":0,"comment_status":"closed","ping_status":"closed","template":"","meta":[],"_links":{"self":[{"href":"https:\/\/ahbahgo.fr\/index.php\/wp-json\/wp\/v2\/pages\/6"}],"collection":[{"href":"https:\/\/ahbahgo.fr\/index.php\/wp-json\/wp\/v2\/pages"}],"about":[{"href":"https:\/\/ahbahgo.fr\/index.php\/wp-json\/wp\/v2\/types\/page"}],"author":[{"embeddable":true,"href":"https:\/\/ahbahgo.fr\/index.php\/wp-json\/wp\/v2\/users\/1"}],"replies":[{"embeddable":true,"href":"https:\/\/ahbahgo.fr\/index.php\/wp-json\/wp\/v2\/comments?post=6"}],"version-history":[{"count":339,"href":"https:\/\/ahbahgo.fr\/index.php\/wp-json\/wp\/v2\/pages\/6\/revisions"}],"predecessor-version":[{"id":1301,"href":"https:\/\/ahbahgo.fr\/index.php\/wp-json\/wp\/v2\/pages\/6\/revisions\/1301"}],"wp:attachment":[{"href":"https:\/\/ahbahgo.fr\/index.php\/wp-json\/wp\/v2\/media?parent=6"}],"curies":[{"name":"wp","href":"https:\/\/api.w.org\/{rel}","templated":true}]}}