{"id":8,"date":"2021-08-13T12:16:09","date_gmt":"2021-08-13T10:16:09","guid":{"rendered":"http:\/\/ahbahgo.fr\/?page_id=8"},"modified":"2024-11-23T10:04:08","modified_gmt":"2024-11-23T09:04:08","slug":"contact","status":"publish","type":"page","link":"https:\/\/ahbahgo.fr\/index.php\/contact\/","title":{"rendered":"Usages"},"content":{"rendered":"\n<figure class=\"wp-block-image size-large is-resized is-style-default\"><img loading=\"lazy\" src=\"https:\/\/ahbahgo.fr\/wp-content\/uploads\/2023\/09\/reflexion-en-entreprise-1024x673.jpg\" alt=\"\" class=\"wp-image-931\" width=\"918\" height=\"759\"\/><figcaption><strong><span class=\"has-inline-color has-black-color\"><em>Pour ancrer la performance du collectif au sein de l&rsquo;entreprise &#8230; L&rsquo;approche AhBahGo vient vous aider \u00e0 clarifier et \u00e0 orchestrer les \u00e9tapes cl\u00e9s en mettant en exergue votre cercle vertueux.<\/em><\/span><\/strong><\/figcaption><\/figure>\n\n\n\n<p class=\"has-text-align-left\"><span class=\"has-inline-color has-black-color\"><strong>Extrait en image du p\u00e9rim\u00e8tre d&rsquo;intervention en entreprise : <\/strong><\/span><\/p>\n\n\n\n<figure class=\"wp-block-image size-large\"><img loading=\"lazy\" width=\"1024\" height=\"893\" src=\"https:\/\/ahbahgo.fr\/wp-content\/uploads\/2024\/05\/Contributions-Entreprises-2-1024x893.jpg\" alt=\"\" class=\"wp-image-1189\" srcset=\"https:\/\/ahbahgo.fr\/wp-content\/uploads\/2024\/05\/Contributions-Entreprises-2-1024x893.jpg 1024w, https:\/\/ahbahgo.fr\/wp-content\/uploads\/2024\/05\/Contributions-Entreprises-2-300x262.jpg 300w, https:\/\/ahbahgo.fr\/wp-content\/uploads\/2024\/05\/Contributions-Entreprises-2-768x670.jpg 768w, https:\/\/ahbahgo.fr\/wp-content\/uploads\/2024\/05\/Contributions-Entreprises-2.jpg 1290w\" sizes=\"(max-width: 1024px) 100vw, 1024px\" \/><\/figure>\n\n\n\n<p><\/p>\n","protected":false},"excerpt":{"rendered":"<p>Extrait en image du p\u00e9rim\u00e8tre d&rsquo;intervention en entreprise :<\/p>\n","protected":false},"author":1,"featured_media":0,"parent":0,"menu_order":5,"comment_status":"closed","ping_status":"closed","template":"","meta":[],"_links":{"self":[{"href":"https:\/\/ahbahgo.fr\/index.php\/wp-json\/wp\/v2\/pages\/8"}],"collection":[{"href":"https:\/\/ahbahgo.fr\/index.php\/wp-json\/wp\/v2\/pages"}],"about":[{"href":"https:\/\/ahbahgo.fr\/index.php\/wp-json\/wp\/v2\/types\/page"}],"author":[{"embeddable":true,"href":"https:\/\/ahbahgo.fr\/index.php\/wp-json\/wp\/v2\/users\/1"}],"replies":[{"embeddable":true,"href":"https:\/\/ahbahgo.fr\/index.php\/wp-json\/wp\/v2\/comments?post=8"}],"version-history":[{"count":77,"href":"https:\/\/ahbahgo.fr\/index.php\/wp-json\/wp\/v2\/pages\/8\/revisions"}],"predecessor-version":[{"id":1293,"href":"https:\/\/ahbahgo.fr\/index.php\/wp-json\/wp\/v2\/pages\/8\/revisions\/1293"}],"wp:attachment":[{"href":"https:\/\/ahbahgo.fr\/index.php\/wp-json\/wp\/v2\/media?parent=8"}],"curies":[{"name":"wp","href":"https:\/\/api.w.org\/{rel}","templated":true}]}}